{"id":428,"date":"2024-10-17T15:55:01","date_gmt":"2024-10-17T13:55:01","guid":{"rendered":"https:\/\/ma-reception-42.com\/?page_id=428"},"modified":"2025-03-11T17:04:00","modified_gmt":"2025-03-11T16:04:00","slug":"portfolio","status":"publish","type":"page","link":"https:\/\/ma-reception-42.com\/?page_id=428","title":{"rendered":"Portfolio"},"content":{"rendered":"<p><strong><em>Soir\u00e9e Anniversaire 18 ans<\/em><\/strong><\/p><figure class=\"wp-block-video\"><video height=\"1080\" style=\"aspect-ratio: 1920 \/ 1080;\" width=\"1920\" controls src=\"https:\/\/ma-reception-42.com\/wp-content\/uploads\/2024\/10\/IMG_3084.mov\"><\/video><\/figure><p><strong><em>Soir\u00e9e Priv\u00e9e<\/em><\/strong> \ud83d\ude0d<\/p><figure class=\"wp-block-image\"><img loading=\"lazy\" decoding=\"async\" width=\"1600\" height=\"1200\" src=\"https:\/\/ma-reception-42.com\/wp-content\/uploads\/2025\/03\/PHOTO-2024-05-26-02-50-08.jpg\" alt=\"\" class=\"wp-image-970\" srcset=\"https:\/\/ma-reception-42.com\/wp-content\/uploads\/2025\/03\/PHOTO-2024-05-26-02-50-08.jpg 1600w, https:\/\/ma-reception-42.com\/wp-content\/uploads\/2025\/03\/PHOTO-2024-05-26-02-50-08-300x225.jpg 300w, https:\/\/ma-reception-42.com\/wp-content\/uploads\/2025\/03\/PHOTO-2024-05-26-02-50-08-1024x768.jpg 1024w, https:\/\/ma-reception-42.com\/wp-content\/uploads\/2025\/03\/PHOTO-2024-05-26-02-50-08-768x576.jpg 768w, https:\/\/ma-reception-42.com\/wp-content\/uploads\/2025\/03\/PHOTO-2024-05-26-02-50-08-1536x1152.jpg 1536w, https:\/\/ma-reception-42.com\/wp-content\/uploads\/2025\/03\/PHOTO-2024-05-26-02-50-08-1320x990.jpg 1320w, https:\/\/ma-reception-42.com\/wp-content\/uploads\/2025\/03\/PHOTO-2024-05-26-02-50-08-600x450.jpg 600w\" sizes=\"auto, (max-width: 1600px) 100vw, 1600px\" \/><\/figure>","protected":false},"excerpt":{"rendered":"<p>Soir\u00e9e Anniversaire 18 ans Soir\u00e9e Priv\u00e9e \ud83d\ude0d<\/p>\n","protected":false},"author":1,"featured_media":0,"parent":0,"menu_order":0,"comment_status":"closed","ping_status":"closed","template":"","meta":{"site-sidebar-layout":"default","site-content-layout":"","ast-site-content-layout":"","site-content-style":"default","site-sidebar-style":"default","ast-global-header-display":"","ast-banner-title-visibility":"","ast-main-header-display":"","ast-hfb-above-header-display":"","ast-hfb-below-header-display":"","ast-hfb-mobile-header-display":"","site-post-title":"","ast-breadcrumbs-content":"","ast-featured-img":"","footer-sml-layout":"","theme-transparent-header-meta":"","adv-header-id-meta":"","stick-header-meta":"","header-above-stick-meta":"","header-main-stick-meta":"","header-below-stick-meta":"","astra-migrate-meta-layouts":"default","ast-page-background-enabled":"default","ast-page-background-meta":{"desktop":{"background-color":"var(--ast-global-color-4)","background-image":"","background-repeat":"repeat","background-position":"center center","background-size":"auto","background-attachment":"scroll","background-type":"","background-media":"","overlay-type":"","overlay-color":"","overlay-opacity":"","overlay-gradient":""},"tablet":{"background-color":"","background-image":"","background-repeat":"repeat","background-position":"center center","background-size":"auto","background-attachment":"scroll","background-type":"","background-media":"","overlay-type":"","overlay-color":"","overlay-opacity":"","overlay-gradient":""},"mobile":{"background-color":"","background-image":"","background-repeat":"repeat","background-position":"center center","background-size":"auto","background-attachment":"scroll","background-type":"","background-media":"","overlay-type":"","overlay-color":"","overlay-opacity":"","overlay-gradient":""}},"ast-content-background-meta":{"desktop":{"background-color":"var(--ast-global-color-5)","background-image":"","background-repeat":"repeat","background-position":"center center","background-size":"auto","background-attachment":"scroll","background-type":"","background-media":"","overlay-type":"","overlay-color":"","overlay-opacity":"","overlay-gradient":""},"tablet":{"background-color":"var(--ast-global-color-5)","background-image":"","background-repeat":"repeat","background-position":"center center","background-size":"auto","background-attachment":"scroll","background-type":"","background-media":"","overlay-type":"","overlay-color":"","overlay-opacity":"","overlay-gradient":""},"mobile":{"background-color":"var(--ast-global-color-5)","background-image":"","background-repeat":"repeat","background-position":"center center","background-size":"auto","background-attachment":"scroll","background-type":"","background-media":"","overlay-type":"","overlay-color":"","overlay-opacity":"","overlay-gradient":""}},"footnotes":""},"class_list":["post-428","page","type-page","status-publish","hentry"],"jetpack_sharing_enabled":true,"_links":{"self":[{"href":"https:\/\/ma-reception-42.com\/index.php?rest_route=\/wp\/v2\/pages\/428","targetHints":{"allow":["GET"]}}],"collection":[{"href":"https:\/\/ma-reception-42.com\/index.php?rest_route=\/wp\/v2\/pages"}],"about":[{"href":"https:\/\/ma-reception-42.com\/index.php?rest_route=\/wp\/v2\/types\/page"}],"author":[{"embeddable":true,"href":"https:\/\/ma-reception-42.com\/index.php?rest_route=\/wp\/v2\/users\/1"}],"replies":[{"embeddable":true,"href":"https:\/\/ma-reception-42.com\/index.php?rest_route=%2Fwp%2Fv2%2Fcomments&post=428"}],"version-history":[{"count":14,"href":"https:\/\/ma-reception-42.com\/index.php?rest_route=\/wp\/v2\/pages\/428\/revisions"}],"predecessor-version":[{"id":981,"href":"https:\/\/ma-reception-42.com\/index.php?rest_route=\/wp\/v2\/pages\/428\/revisions\/981"}],"wp:attachment":[{"href":"https:\/\/ma-reception-42.com\/index.php?rest_route=%2Fwp%2Fv2%2Fmedia&parent=428"}],"curies":[{"name":"wp","href":"https:\/\/api.w.org\/{rel}","templated":true}]}}