{"id":81,"date":"2024-09-17T23:16:47","date_gmt":"2024-09-17T21:16:47","guid":{"rendered":"https:\/\/ma-reception-42.com\/?page_id=81"},"modified":"2026-05-04T22:25:04","modified_gmt":"2026-05-04T20:25:04","slug":"accueil-2","status":"publish","type":"page","link":"https:\/\/ma-reception-42.com\/","title":{"rendered":"Bienvenu sur Ma-Reception-42 et 43"},"content":{"rendered":"<h2 class=\"wp-block-heading alignwide has-text-align-center\"><strong><mark style=\"background-color:rgba(0, 0, 0, 0)\" class=\"has-inline-color has-ast-global-color-0-color\">Maintenant <\/mark><\/strong><font color=\"#dd183b\"><span style=\"caret-color: rgb(221, 24, 59);\">\u00e9galement<\/span><\/font><strong><mark style=\"background-color:rgba(0, 0, 0, 0)\" class=\"has-inline-color has-ast-global-color-0-color\"> en Haute-Loire (43)<\/mark><\/strong><\/h2><div class=\"wp-block-group alignwide is-layout-constrained wp-block-group-is-layout-constrained\"><h1 class=\"wp-block-heading alignwide has-text-align-center has-xx-large-font-size\" style=\"line-height:1.2\"><strong>Organisez vos f\u00eates sans prise de t\u00eate&#8230;<\/strong><\/h1>\n\n<ul class=\"wp-block-list\"><li style=\"padding-top:0;padding-right:0;padding-bottom:0;padding-left:0\"><strong>DRESSEZ VOS TABLES<\/strong><\/li>\n\n<li><strong>D\u00c9COREZ VOTRE \u00c9V\u00c8NEMENT<\/strong><\/li>\n\n<li><strong>TROUVEZ VOTRE MOBILIER DE SALLE<\/strong><\/li>\n\n<li><strong>ASSUREZ LE SERVICE<\/strong><\/li>\n\n<li><strong>REFROIDIR &#8211; MAINTENIR AU FOID<\/strong><\/li>\n\n<li><strong>R\u00c9CHAUFFER &#8211; MAINTENIR AU CHAUD<\/strong><\/li><\/ul>\n\n<div class='wp-block-bsb-slider  align' id='bsbCarousel-d22def7d-c' data-attributes='{&quot;cId&quot;:&quot;d22def7d-c&quot;,&quot;sliders&quot;:[{&quot;img&quot;:{&quot;id&quot;:256,&quot;url&quot;:&quot;https:\\\/\\\/ma-reception-42.com\\\/wp-content\\\/uploads\\\/2024\\\/09\\\/image_2024-09-22_011255231.png&quot;,&quot;alt&quot;:&quot;&quot;,&quot;title&quot;:&quot;image_2024-09-22_011255231&quot;,&quot;caption&quot;:&quot;&quot;},&quot;title&quot;:&quot;Soir\\u00e9e&quot;,&quot;desc&quot;:&quot;&quot;,&quot;btnLabel&quot;:&quot;&quot;,&quot;btnUrl&quot;:&quot;https:\\\/\\\/wordpress.org\\\/plugins\\\/b-slider\\\/&quot;,&quot;target&quot;:false,&quot;altText&quot;:null},{&quot;img&quot;:{&quot;id&quot;:257,&quot;url&quot;:&quot;https:\\\/\\\/ma-reception-42.com\\\/wp-content\\\/uploads\\\/2024\\\/09\\\/image_2024-09-22_011331603.png&quot;,&quot;alt&quot;:&quot;&quot;,&quot;title&quot;:&quot;image_2024-09-22_011331603&quot;,&quot;caption&quot;:&quot;&quot;},&quot;title&quot;:&quot;Soir\\u00e9e&quot;,&quot;desc&quot;:&quot;&quot;,&quot;btnLabel&quot;:&quot;&quot;,&quot;btnUrl&quot;:&quot;https:\\\/\\\/wordpress.org\\\/plugins\\\/b-slider\\\/&quot;,&quot;target&quot;:false},{&quot;img&quot;:{&quot;id&quot;:258,&quot;url&quot;:&quot;https:\\\/\\\/ma-reception-42.com\\\/wp-content\\\/uploads\\\/2024\\\/09\\\/image_2024-09-22_011406647.png&quot;,&quot;alt&quot;:&quot;&quot;,&quot;title&quot;:&quot;image_2024-09-22_011406647&quot;,&quot;caption&quot;:&quot;&quot;},&quot;title&quot;:&quot;Soir\\u00e9e&quot;,&quot;desc&quot;:&quot;&quot;,&quot;btnLabel&quot;:&quot;&quot;,&quot;btnUrl&quot;:&quot;https:\\\/\\\/wordpress.org\\\/plugins\\\/b-slider\\\/&quot;,&quot;target&quot;:false,&quot;altText&quot;:null}],&quot;align&quot;:&quot;&quot;,&quot;title&quot;:{&quot;tag&quot;:&quot;h5&quot;},&quot;titleFCaption&quot;:false,&quot;titleAnimation&quot;:{&quot;effect&quot;:&quot;fadeInLeft&quot;,&quot;delay&quot;:0,&quot;duration&quot;:0.7},&quot;descAnimation&quot;:{&quot;effect&quot;:&quot;fadeInRight&quot;,&quot;delay&quot;:0.7,&quot;duration&quot;:0.7},&quot;btnAnimation&quot;:{&quot;effect&quot;:&quot;zoomIn&quot;,&quot;delay&quot;:1.4,&quot;duration&quot;:0.7},&quot;isMouseWheel&quot;:false,&quot;isArrowFollowSlide&quot;:false,&quot;isMouseDrag&quot;:false,&quot;slideInnerGap&quot;:&quot;180px&quot;,&quot;slideInnerGapDevice&quot;:{&quot;desktop&quot;:&quot;180px&quot;,&quot;tablet&quot;:&quot;140px&quot;,&quot;mobile&quot;:&quot;100px&quot;},&quot;titleTypo&quot;:{&quot;fontSize&quot;:{&quot;desktop&quot;:25,&quot;tablet&quot;:20,&quot;mobile&quot;:15},&quot;fontWeight&quot;:700,&quot;lineHeight&quot;:&quot;135%&quot;},&quot;titleColor&quot;:&quot;#fff&quot;,&quot;titleMargin&quot;:{&quot;top&quot;:&quot;5px&quot;,&quot;right&quot;:&quot;0px&quot;,&quot;bottom&quot;:&quot;5px&quot;,&quot;left&quot;:&quot;0px&quot;},&quot;descTypo&quot;:{&quot;fontSize&quot;:{&quot;desktop&quot;:25,&quot;tablet&quot;:20,&quot;mobile&quot;:15},&quot;fontWeight&quot;:400,&quot;lineHeight&quot;:&quot;135%&quot;},&quot;descColor&quot;:&quot;#fff&quot;,&quot;descMargin&quot;:{&quot;top&quot;:&quot;5px&quot;,&quot;right&quot;:&quot;0px&quot;,&quot;bottom&quot;:&quot;5px&quot;,&quot;left&quot;:&quot;0px&quot;},&quot;btnTypo&quot;:{&quot;fontSize&quot;:{&quot;desktop&quot;:25,&quot;tablet&quot;:20,&quot;mobile&quot;:15},&quot;fontWeight&quot;:500,&quot;lineHeight&quot;:&quot;135%&quot;,&quot;textTransform&quot;:&quot;uppercase&quot;},&quot;btnColors&quot;:{&quot;color&quot;:&quot;#fff&quot;,&quot;bg&quot;:&quot;&quot;},&quot;btnHovColors&quot;:{&quot;color&quot;:&quot;#000&quot;,&quot;bg&quot;:&quot;#fff&quot;},&quot;btnPadding&quot;:{&quot;top&quot;:&quot;12px&quot;,&quot;right&quot;:&quot;25px&quot;,&quot;bottom&quot;:&quot;12px&quot;,&quot;left&quot;:&quot;25px&quot;},&quot;btnBorder&quot;:{&quot;color&quot;:&quot;#e1e1e1&quot;,&quot;style&quot;:&quot;solid&quot;,&quot;width&quot;:&quot;3px&quot;},&quot;btnRadius&quot;:&quot;0px&quot;,&quot;arrow&quot;:{&quot;visibility&quot;:true,&quot;size&quot;:48,&quot;color&quot;:&quot;rgba(255, 255, 255, 100)&quot;,&quot;bg&quot;:&quot;transparent&quot;},&quot;arrowWidth&quot;:&quot;50px&quot;,&quot;deviceArrowWidth&quot;:{&quot;desktop&quot;:&quot;50px&quot;,&quot;tablet&quot;:&quot;40px&quot;,&quot;mobile&quot;:&quot;30px&quot;},&quot;deviceArrowHeight&quot;:{&quot;desktop&quot;:&quot;50px&quot;,&quot;tablet&quot;:&quot;40px&quot;,&quot;mobile&quot;:&quot;30px&quot;},&quot;arrowHeight&quot;:&quot;50px&quot;,&quot;arrowRadius&quot;:{&quot;top&quot;:&quot;3px&quot;,&quot;bottom&quot;:&quot;3px&quot;,&quot;left&quot;:&quot;3px&quot;,&quot;right&quot;:&quot;3px&quot;},&quot;arrowStyle&quot;:&quot;style1&quot;,&quot;indicator&quot;:{&quot;visibility&quot;:true,&quot;type&quot;:&quot;default&quot;,&quot;style&quot;:&quot;&quot;,&quot;color&quot;:&quot;#000&quot;,&quot;activeColor&quot;:&quot;#fff&quot;,&quot;width&quot;:&quot;30px&quot;,&quot;height&quot;:&quot;3px&quot;,&quot;radius&quot;:&quot;0px&quot;,&quot;activeBorder&quot;:{&quot;color&quot;:&quot;#e1e1e1&quot;,&quot;style&quot;:&quot;solid&quot;,&quot;width&quot;:&quot;4px&quot;},&quot;moveFromEdge&quot;:&quot;-15px&quot;,&quot;position&quot;:&quot;bottom-center&quot;,&quot;direction&quot;:&quot;horizontal&quot;},&quot;SliderOverly&quot;:&quot;#00000088&quot;,&quot;direction&quot;:&quot;default&quot;,&quot;options&quot;:{&quot;interval&quot;:2000,&quot;ride&quot;:false,&quot;pause&quot;:false,&quot;height&quot;:400,&quot;shuffle&quot;:false},&quot;animation&quot;:&quot;default&quot;,&quot;position&quot;:&quot;bottom center&quot;,&quot;height&quot;:&quot;450px&quot;,&quot;sliderHeight&quot;:[],&quot;borderRadius&quot;:{&quot;top&quot;:&quot;3px&quot;,&quot;right&quot;:&quot;3px&quot;,&quot;bottom&quot;:&quot;3px&quot;,&quot;left&quot;:&quot;3px&quot;},&quot;margin&quot;:{&quot;top&quot;:&quot;0px&quot;,&quot;right&quot;:&quot;0px&quot;,&quot;bottom&quot;:&quot;0px&quot;,&quot;left&quot;:&quot;0px&quot;},&quot;isLazyLoad&quot;:false}'><\/div>\n\n<h2 class=\"wp-block-heading is-style-default\"><strong>Une large gamme de mat\u00e9riel de r\u00e9ception en livraison<\/strong><\/h2>\n\n<p><strong><br><br>Nous mettons notre exp\u00e9rience au service de l&#8217;organisation de vos r\u00e9ceptions, \u00e9v\u00e9nements et f\u00eates en tous genres.<\/strong><\/p>\n\n<p><strong> Pour votre projet de c\u00e9r\u00e9monie, s\u00e9minaire, congr\u00e8s, d\u00eener de gala, mariage, bapt\u00eame, communion ou simple repas entre amis<\/strong>.<\/p>\n\n<p><strong><br>Ma-r\u00e9ception-42 met \u00e0 votre disposition de la location rapide et simple<strong> pour particuliers comme pour professionnels\u00a0<\/strong>: mobilier, nappage, d\u00e9coration, mat\u00e9riel professionnel de cuisine et tout ce dont vous pourriez avoir besoin pour votre lieu de r\u00e9ception. Vous pourrez \u00e9galement vous fournir en vaisselle: assiettes, fourchettes, couteaux, verres ballons et tout le n\u00e9cessaire aux arts de la table sans vous soucier du nettoyage. <br>Equip\u00e9 d&#8217;une station de lavage, nous vous d\u00e9laissons de cette corv\u00e9e en vous assurant d&#8217;avoir de la vaisselle parfaitement propre. <\/strong><\/p>\n\n<p><strong>Que ce soit pour un grand \u00e9v\u00e8nement ou pour un comit\u00e9 restreint, <br>Votre priorit\u00e9 sera: vous occuper de vos invit\u00e9s.<br>Notre priorit\u00e9 : assurer votre tranquillit\u00e9 et votre s\u00e9r\u00e9nit\u00e9 dans ces moments sp\u00e9ciaux.<\/strong><\/p>\n\n<p><strong> Implant\u00e9 \u00e0 la fronti\u00e8re LOIRE &#8211; HAUTE LOIRE, nous assurons nos prestations sur une large zone g\u00e9ographique avec rapidit\u00e9 et professionnalisme. Pr\u00e9sent sur les r\u00e9seaux, vous pouvez nous retrouver \u00e9galement sur Instagram<\/strong><\/p><\/div><div class=\"wp-block-group alignfull is-layout-constrained wp-container-core-group-is-layout-b25ccd55 wp-block-group-is-layout-constrained\" style=\"margin-top:0;margin-bottom:0;padding-top:var(--wp--preset--spacing--50);padding-right:var(--wp--preset--spacing--50);padding-bottom:var(--wp--preset--spacing--50);padding-left:var(--wp--preset--spacing--50)\"><div class=\"wp-block-columns alignwide is-layout-flex wp-container-core-columns-is-layout-ff4b9c61 wp-block-columns-is-layout-flex\" style=\"margin-top:0;margin-bottom:0\"><div class=\"wp-block-column is-layout-flow wp-container-core-column-is-layout-8a368f38 wp-block-column-is-layout-flow\"><figure class=\"wp-block-image size-full is-style-rounded\"><img loading=\"lazy\" decoding=\"async\" width=\"680\" height=\"908\" src=\"https:\/\/ma-reception-42.com\/wp-content\/uploads\/2024\/09\/image_2024-09-22_011540422.png\" alt=\"\" class=\"wp-image-260\" style=\"aspect-ratio:4\/3;object-fit:cover\"\/><\/figure>\n\n<div style=\"height:var(--wp--preset--spacing--50)\" aria-hidden=\"true\" class=\"wp-block-spacer\"><\/div>\n\n<figure class=\"wp-block-image size-full is-style-rounded\"><img loading=\"lazy\" decoding=\"async\" width=\"1210\" height=\"906\" src=\"https:\/\/ma-reception-42.com\/wp-content\/uploads\/2024\/09\/image_2024-09-22_011637933.png\" alt=\"\" class=\"wp-image-264\" style=\"aspect-ratio:3\/4;object-fit:cover\"\/><\/figure>\n\n<div style=\"height:var(--wp--preset--spacing--50)\" aria-hidden=\"true\" class=\"wp-block-spacer\"><\/div>\n\n<figure class=\"wp-block-image size-full is-style-rounded\"><img loading=\"lazy\" decoding=\"async\" width=\"1163\" height=\"875\" src=\"https:\/\/ma-reception-42.com\/wp-content\/uploads\/2024\/09\/image_2024-09-22_011916017.png\" alt=\"\" class=\"wp-image-269\" style=\"aspect-ratio:3\/4;object-fit:cover\"\/><\/figure><\/div>\n\n<div class=\"wp-block-column is-layout-flow wp-container-core-column-is-layout-8a368f38 wp-block-column-is-layout-flow\"><div style=\"height:var(--wp--preset--spacing--50)\" aria-hidden=\"true\" class=\"wp-block-spacer\"><\/div>\n\n<figure class=\"wp-block-image size-full is-style-rounded\"><img loading=\"lazy\" decoding=\"async\" width=\"1213\" height=\"909\" src=\"https:\/\/ma-reception-42.com\/wp-content\/uploads\/2024\/09\/image_2024-09-22_011553595.png\" alt=\"\" class=\"wp-image-261\" style=\"aspect-ratio:3\/4;object-fit:cover\"\/><\/figure>\n\n<div style=\"height:var(--wp--preset--spacing--50)\" aria-hidden=\"true\" class=\"wp-block-spacer\"><\/div>\n\n<figure class=\"wp-block-image size-full is-style-rounded\"><img loading=\"lazy\" decoding=\"async\" width=\"1506\" height=\"846\" src=\"https:\/\/ma-reception-42.com\/wp-content\/uploads\/2024\/09\/image_2024-09-22_011652033.png\" alt=\"\" class=\"wp-image-265\" style=\"aspect-ratio:1;object-fit:cover\"\/><\/figure>\n\n<div style=\"height:var(--wp--preset--spacing--50)\" aria-hidden=\"true\" class=\"wp-block-spacer\"><\/div>\n\n<figure class=\"wp-block-image size-full is-style-rounded\"><img loading=\"lazy\" decoding=\"async\" width=\"1163\" height=\"871\" src=\"https:\/\/ma-reception-42.com\/wp-content\/uploads\/2024\/09\/image_2024-09-22_011939980.png\" alt=\"\" class=\"wp-image-270\" style=\"aspect-ratio:1;object-fit:cover\"\/><\/figure><\/div>\n\n<div class=\"wp-block-column is-layout-flow wp-container-core-column-is-layout-8a368f38 wp-block-column-is-layout-flow\"><figure class=\"wp-block-image size-full is-style-rounded\"><img loading=\"lazy\" decoding=\"async\" width=\"1213\" height=\"912\" src=\"https:\/\/ma-reception-42.com\/wp-content\/uploads\/2024\/09\/image_2024-09-22_011609569.png\" alt=\"\" class=\"wp-image-262\" style=\"aspect-ratio:3\/4;object-fit:cover\"\/><\/figure>\n\n<div style=\"height:var(--wp--preset--spacing--50)\" aria-hidden=\"true\" class=\"wp-block-spacer\"><\/div>\n\n<figure class=\"wp-block-image size-full is-style-rounded\"><img loading=\"lazy\" decoding=\"async\" width=\"1209\" height=\"904\" src=\"https:\/\/ma-reception-42.com\/wp-content\/uploads\/2024\/09\/image_2024-09-22_011703989.png\" alt=\"\" class=\"wp-image-266\" style=\"aspect-ratio:3\/4;object-fit:cover\"\/><\/figure>\n\n<div style=\"height:var(--wp--preset--spacing--50)\" aria-hidden=\"true\" class=\"wp-block-spacer\"><\/div>\n\n<figure class=\"wp-block-image size-full is-style-rounded\"><img loading=\"lazy\" decoding=\"async\" width=\"2399\" height=\"1014\" src=\"https:\/\/ma-reception-42.com\/wp-content\/uploads\/2024\/09\/image_2024-09-22_011829422.png\" alt=\"\" class=\"wp-image-268\" style=\"aspect-ratio:16\/9;object-fit:cover\"\/><\/figure><\/div>\n\n<div class=\"wp-block-column is-layout-flow wp-container-core-column-is-layout-8a368f38 wp-block-column-is-layout-flow\"><div style=\"height:var(--wp--preset--spacing--50)\" aria-hidden=\"true\" class=\"wp-block-spacer\"><\/div>\n\n<figure class=\"wp-block-image size-full is-style-rounded\"><img loading=\"lazy\" decoding=\"async\" width=\"1212\" height=\"912\" src=\"https:\/\/ma-reception-42.com\/wp-content\/uploads\/2024\/09\/image_2024-09-22_011624077.png\" alt=\"\" class=\"wp-image-263\" style=\"aspect-ratio:1;object-fit:cover\"\/><\/figure>\n\n<div style=\"height:var(--wp--preset--spacing--50)\" aria-hidden=\"true\" class=\"wp-block-spacer\"><\/div>\n\n<figure class=\"wp-block-image size-full is-style-rounded\"><img loading=\"lazy\" decoding=\"async\" width=\"1170\" height=\"877\" src=\"https:\/\/ma-reception-42.com\/wp-content\/uploads\/2024\/09\/image_2024-09-22_011801264.png\" alt=\"\" class=\"wp-image-267\" style=\"aspect-ratio:16\/9;object-fit:cover\"\/><\/figure>\n\n<div style=\"height:var(--wp--preset--spacing--50)\" aria-hidden=\"true\" class=\"wp-block-spacer\"><\/div>\n\n<figure class=\"wp-block-image size-full is-resized is-style-rounded\"><img loading=\"lazy\" decoding=\"async\" width=\"1174\" height=\"649\" src=\"https:\/\/ma-reception-42.com\/wp-content\/uploads\/2024\/09\/image_2024-09-22_012004312.png\" alt=\"\" class=\"wp-image-271\" style=\"aspect-ratio:0.5625;object-fit:cover;width:318px;height:auto\"\/><\/figure><\/div><\/div><\/div>","protected":false},"excerpt":{"rendered":"<p>Maintenant \u00e9galement en Haute-Loire (43) Organisez vos f\u00eates sans prise de t\u00eate&#8230; Une large gamme de mat\u00e9riel de r\u00e9ception en [&hellip;]<\/p>\n","protected":false},"author":1,"featured_media":0,"parent":0,"menu_order":0,"comment_status":"closed","ping_status":"closed","template":"","meta":{"site-sidebar-layout":"default","site-content-layout":"","ast-site-content-layout":"","site-content-style":"default","site-sidebar-style":"default","ast-global-header-display":"","ast-banner-title-visibility":"","ast-main-header-display":"","ast-hfb-above-header-display":"","ast-hfb-below-header-display":"","ast-hfb-mobile-header-display":"","site-post-title":"","ast-breadcrumbs-content":"","ast-featured-img":"","footer-sml-layout":"","theme-transparent-header-meta":"","adv-header-id-meta":"","stick-header-meta":"","header-above-stick-meta":"","header-main-stick-meta":"","header-below-stick-meta":"","astra-migrate-meta-layouts":"default","ast-page-background-enabled":"default","ast-page-background-meta":{"desktop":{"background-color":"var(--ast-global-color-4)","background-image":"","background-repeat":"repeat","background-position":"center center","background-size":"auto","background-attachment":"scroll","background-type":"","background-media":"","overlay-type":"","overlay-color":"","overlay-opacity":"","overlay-gradient":""},"tablet":{"background-color":"","background-image":"","background-repeat":"repeat","background-position":"center center","background-size":"auto","background-attachment":"scroll","background-type":"","background-media":"","overlay-type":"","overlay-color":"","overlay-opacity":"","overlay-gradient":""},"mobile":{"background-color":"","background-image":"","background-repeat":"repeat","background-position":"center center","background-size":"auto","background-attachment":"scroll","background-type":"","background-media":"","overlay-type":"","overlay-color":"","overlay-opacity":"","overlay-gradient":""}},"ast-content-background-meta":{"desktop":{"background-color":"var(--ast-global-color-5)","background-image":"","background-repeat":"repeat","background-position":"center center","background-size":"auto","background-attachment":"scroll","background-type":"","background-media":"","overlay-type":"","overlay-color":"","overlay-opacity":"","overlay-gradient":""},"tablet":{"background-color":"var(--ast-global-color-5)","background-image":"","background-repeat":"repeat","background-position":"center center","background-size":"auto","background-attachment":"scroll","background-type":"","background-media":"","overlay-type":"","overlay-color":"","overlay-opacity":"","overlay-gradient":""},"mobile":{"background-color":"var(--ast-global-color-5)","background-image":"","background-repeat":"repeat","background-position":"center center","background-size":"auto","background-attachment":"scroll","background-type":"","background-media":"","overlay-type":"","overlay-color":"","overlay-opacity":"","overlay-gradient":""}},"footnotes":""},"class_list":["post-81","page","type-page","status-publish","hentry"],"jetpack_sharing_enabled":true,"_links":{"self":[{"href":"https:\/\/ma-reception-42.com\/index.php?rest_route=\/wp\/v2\/pages\/81","targetHints":{"allow":["GET"]}}],"collection":[{"href":"https:\/\/ma-reception-42.com\/index.php?rest_route=\/wp\/v2\/pages"}],"about":[{"href":"https:\/\/ma-reception-42.com\/index.php?rest_route=\/wp\/v2\/types\/page"}],"author":[{"embeddable":true,"href":"https:\/\/ma-reception-42.com\/index.php?rest_route=\/wp\/v2\/users\/1"}],"replies":[{"embeddable":true,"href":"https:\/\/ma-reception-42.com\/index.php?rest_route=%2Fwp%2Fv2%2Fcomments&post=81"}],"version-history":[{"count":14,"href":"https:\/\/ma-reception-42.com\/index.php?rest_route=\/wp\/v2\/pages\/81\/revisions"}],"predecessor-version":[{"id":1574,"href":"https:\/\/ma-reception-42.com\/index.php?rest_route=\/wp\/v2\/pages\/81\/revisions\/1574"}],"wp:attachment":[{"href":"https:\/\/ma-reception-42.com\/index.php?rest_route=%2Fwp%2Fv2%2Fmedia&parent=81"}],"curies":[{"name":"wp","href":"https:\/\/api.w.org\/{rel}","templated":true}]}}