{"id":143,"date":"2024-09-18T04:00:02","date_gmt":"2024-09-18T02:00:02","guid":{"rendered":"https:\/\/ma-reception-42.com\/?post_type=product&#038;p=143"},"modified":"2026-02-09T09:50:04","modified_gmt":"2026-02-09T08:50:04","slug":"sono-et-jeu-de-lumiere","status":"publish","type":"product","link":"https:\/\/ma-reception-42.com\/?product=sono-et-jeu-de-lumiere","title":{"rendered":"Sono et Jeu de lumi\u00e8re + machine \u00e0 fum\u00e9e"},"content":{"rendered":"<p>-Kit de Sonorisation DJ avec table de mixage NOVISTAR Pack Sono DJ Flight Case Kit Sono Complet &#8211; Table de mixage 19&#8242; + Amplificateur + Flightcase + Micro dynamique + 2 Enceintes Sono 400 Watts &#8211; Table de mixage 4 voies avec fonction pr\u00e9-\u00e9coute, compatible USB\/SD Card\/ MP3 avec FLIGHTCASE permettant un transport et une installation facile &#8211; Amplificateur 2 x 240 Watts maxi en 4 OHMS &#8211; Table de mixage: 6 entr\u00e9es sur 5 canaux, 2 entr\u00e9es micro, 1 entr\u00e9e auxiliaire en jack 3,5 mm pour lecteur externe, sortie Master et enregistrement en RCA, Crossfader entre sorties 1 et 3 &#8211; Ampli: RCA et Jack 6,35 mm, Speakon, XLR et borniers &#8211;<\/p>\n<p>-2 Micros sans fils<\/p>\n<p>-1 Micro filaire<\/p>\n<p>-Casque pour pre-ecoute<\/p>\n<p>-Controleur DMX<br \/>\n-Possibilit\u00e9 d adapter la structure \u00e0 la taille de la pi\u00e8ce<\/p>\n<p>-Machine \u00e0 fum\u00e9e non pr\u00e9sente sur la photo<\/p>\n<p><strong>Article manquant ou d\u00e9t\u00e9rior\u00e9 en retour de location factur\u00e9 1500.00\u20ac<\/strong><\/p>\n","protected":false},"excerpt":{"rendered":"<p>-Kit de Sonorisation DJ avec table de mixage NOVISTAR Pack Sono DJ Flight Case Kit Sono Complet &#8211; Table de [&hellip;]<\/p>\n","protected":false},"featured_media":144,"comment_status":"open","ping_status":"closed","template":"","meta":{"site-sidebar-layout":"default","site-content-layout":"","ast-site-content-layout":"default","site-content-style":"default","site-sidebar-style":"default","ast-global-header-display":"","ast-banner-title-visibility":"","ast-main-header-display":"","ast-hfb-above-header-display":"","ast-hfb-below-header-display":"","ast-hfb-mobile-header-display":"","site-post-title":"","ast-breadcrumbs-content":"","ast-featured-img":"","footer-sml-layout":"","theme-transparent-header-meta":"default","adv-header-id-meta":"","stick-header-meta":"","header-above-stick-meta":"","header-main-stick-meta":"","header-below-stick-meta":"","astra-migrate-meta-layouts":"set","ast-page-background-enabled":"default","ast-page-background-meta":{"desktop":{"background-color":"var(--ast-global-color-4)","background-image":"","background-repeat":"repeat","background-position":"center center","background-size":"auto","background-attachment":"scroll","background-type":"","background-media":"","overlay-type":"","overlay-color":"","overlay-opacity":"","overlay-gradient":""},"tablet":{"background-color":"","background-image":"","background-repeat":"repeat","background-position":"center center","background-size":"auto","background-attachment":"scroll","background-type":"","background-media":"","overlay-type":"","overlay-color":"","overlay-opacity":"","overlay-gradient":""},"mobile":{"background-color":"","background-image":"","background-repeat":"repeat","background-position":"center center","background-size":"auto","background-attachment":"scroll","background-type":"","background-media":"","overlay-type":"","overlay-color":"","overlay-opacity":"","overlay-gradient":""}},"ast-content-background-meta":{"desktop":{"background-color":"var(--ast-global-color-5)","background-image":"","background-repeat":"repeat","background-position":"center center","background-size":"auto","background-attachment":"scroll","background-type":"","background-media":"","overlay-type":"","overlay-color":"","overlay-opacity":"","overlay-gradient":""},"tablet":{"background-color":"var(--ast-global-color-5)","background-image":"","background-repeat":"repeat","background-position":"center center","background-size":"auto","background-attachment":"scroll","background-type":"","background-media":"","overlay-type":"","overlay-color":"","overlay-opacity":"","overlay-gradient":""},"mobile":{"background-color":"var(--ast-global-color-5)","background-image":"","background-repeat":"repeat","background-position":"center center","background-size":"auto","background-attachment":"scroll","background-type":"","background-media":"","overlay-type":"","overlay-color":"","overlay-opacity":"","overlay-gradient":""}}},"product_brand":[],"product_cat":[24],"product_tag":[],"class_list":{"0":"post-143","1":"product","2":"type-product","3":"status-publish","4":"has-post-thumbnail","6":"product_cat-sonos-et-jeux-de-lumieres","7":"desktop-align-left","8":"tablet-align-left","9":"mobile-align-left","11":"first","12":"instock","13":"sold-individually","14":"taxable","15":"shipping-taxable","16":"purchasable","17":"product-type-booking"},"jetpack_sharing_enabled":true,"_links":{"self":[{"href":"https:\/\/ma-reception-42.com\/index.php?rest_route=\/wp\/v2\/product\/143","targetHints":{"allow":["GET"]}}],"collection":[{"href":"https:\/\/ma-reception-42.com\/index.php?rest_route=\/wp\/v2\/product"}],"about":[{"href":"https:\/\/ma-reception-42.com\/index.php?rest_route=\/wp\/v2\/types\/product"}],"replies":[{"embeddable":true,"href":"https:\/\/ma-reception-42.com\/index.php?rest_route=%2Fwp%2Fv2%2Fcomments&post=143"}],"wp:featuredmedia":[{"embeddable":true,"href":"https:\/\/ma-reception-42.com\/index.php?rest_route=\/wp\/v2\/media\/144"}],"wp:attachment":[{"href":"https:\/\/ma-reception-42.com\/index.php?rest_route=%2Fwp%2Fv2%2Fmedia&parent=143"}],"wp:term":[{"taxonomy":"product_brand","embeddable":true,"href":"https:\/\/ma-reception-42.com\/index.php?rest_route=%2Fwp%2Fv2%2Fproduct_brand&post=143"},{"taxonomy":"product_cat","embeddable":true,"href":"https:\/\/ma-reception-42.com\/index.php?rest_route=%2Fwp%2Fv2%2Fproduct_cat&post=143"},{"taxonomy":"product_tag","embeddable":true,"href":"https:\/\/ma-reception-42.com\/index.php?rest_route=%2Fwp%2Fv2%2Fproduct_tag&post=143"}],"curies":[{"name":"wp","href":"https:\/\/api.w.org\/{rel}","templated":true}]}}