{"id":189,"date":"2024-09-21T20:59:53","date_gmt":"2024-09-21T18:59:53","guid":{"rendered":"https:\/\/ma-reception-42.com\/?post_type=product&#038;p=189"},"modified":"2024-10-22T13:28:26","modified_gmt":"2024-10-22T11:28:26","slug":"photobooth-mirror-copie","status":"publish","type":"product","link":"https:\/\/ma-reception-42.com\/?product=photobooth-mirror-copie","title":{"rendered":"Friteuse Electrique 8L"},"content":{"rendered":"<p>Friteuse \u00a08l gros d\u00e9bit\/heure<br \/>\nGros d\u00e9bit de frites<br \/>\nConseille du chef pr\u00e9cuire(blanchir) vos frites avant votre \u00e9v\u00e9nement.<br \/>\nHuile de cuisson non fourni<\/p>\n<p>&nbsp;<\/p>\n<p><strong>Article manquant ou d\u00e9t\u00e9rior\u00e9 en retour de location factur\u00e9 850.00\u20ac<\/strong><\/p>\n","protected":false},"excerpt":{"rendered":"<p>Friteuse \u00a08l gros d\u00e9bit\/heure Gros d\u00e9bit de frites Conseille du chef pr\u00e9cuire(blanchir) vos frites avant votre \u00e9v\u00e9nement. Huile de cuisson [&hellip;]<\/p>\n","protected":false},"featured_media":191,"comment_status":"open","ping_status":"closed","template":"","meta":{"site-sidebar-layout":"default","site-content-layout":"","ast-site-content-layout":"default","site-content-style":"default","site-sidebar-style":"default","ast-global-header-display":"","ast-banner-title-visibility":"","ast-main-header-display":"","ast-hfb-above-header-display":"","ast-hfb-below-header-display":"","ast-hfb-mobile-header-display":"","site-post-title":"","ast-breadcrumbs-content":"","ast-featured-img":"","footer-sml-layout":"","theme-transparent-header-meta":"default","adv-header-id-meta":"","stick-header-meta":"","header-above-stick-meta":"","header-main-stick-meta":"","header-below-stick-meta":"","astra-migrate-meta-layouts":"set","ast-page-background-enabled":"default","ast-page-background-meta":{"desktop":{"background-color":"var(--ast-global-color-4)","background-image":"","background-repeat":"repeat","background-position":"center center","background-size":"auto","background-attachment":"scroll","background-type":"","background-media":"","overlay-type":"","overlay-color":"","overlay-opacity":"","overlay-gradient":""},"tablet":{"background-color":"","background-image":"","background-repeat":"repeat","background-position":"center center","background-size":"auto","background-attachment":"scroll","background-type":"","background-media":"","overlay-type":"","overlay-color":"","overlay-opacity":"","overlay-gradient":""},"mobile":{"background-color":"","background-image":"","background-repeat":"repeat","background-position":"center center","background-size":"auto","background-attachment":"scroll","background-type":"","background-media":"","overlay-type":"","overlay-color":"","overlay-opacity":"","overlay-gradient":""}},"ast-content-background-meta":{"desktop":{"background-color":"var(--ast-global-color-5)","background-image":"","background-repeat":"repeat","background-position":"center center","background-size":"auto","background-attachment":"scroll","background-type":"","background-media":"","overlay-type":"","overlay-color":"","overlay-opacity":"","overlay-gradient":""},"tablet":{"background-color":"var(--ast-global-color-5)","background-image":"","background-repeat":"repeat","background-position":"center center","background-size":"auto","background-attachment":"scroll","background-type":"","background-media":"","overlay-type":"","overlay-color":"","overlay-opacity":"","overlay-gradient":""},"mobile":{"background-color":"var(--ast-global-color-5)","background-image":"","background-repeat":"repeat","background-position":"center center","background-size":"auto","background-attachment":"scroll","background-type":"","background-media":"","overlay-type":"","overlay-color":"","overlay-opacity":"","overlay-gradient":""}}},"product_brand":[],"product_cat":[28],"product_tag":[],"class_list":{"0":"post-189","1":"product","2":"type-product","3":"status-publish","4":"has-post-thumbnail","6":"product_cat-chaud","7":"desktop-align-left","8":"tablet-align-left","9":"mobile-align-left","11":"first","12":"instock","13":"sold-individually","14":"taxable","15":"shipping-taxable","16":"purchasable","17":"product-type-booking"},"jetpack_sharing_enabled":true,"_links":{"self":[{"href":"https:\/\/ma-reception-42.com\/index.php?rest_route=\/wp\/v2\/product\/189","targetHints":{"allow":["GET"]}}],"collection":[{"href":"https:\/\/ma-reception-42.com\/index.php?rest_route=\/wp\/v2\/product"}],"about":[{"href":"https:\/\/ma-reception-42.com\/index.php?rest_route=\/wp\/v2\/types\/product"}],"replies":[{"embeddable":true,"href":"https:\/\/ma-reception-42.com\/index.php?rest_route=%2Fwp%2Fv2%2Fcomments&post=189"}],"wp:featuredmedia":[{"embeddable":true,"href":"https:\/\/ma-reception-42.com\/index.php?rest_route=\/wp\/v2\/media\/191"}],"wp:attachment":[{"href":"https:\/\/ma-reception-42.com\/index.php?rest_route=%2Fwp%2Fv2%2Fmedia&parent=189"}],"wp:term":[{"taxonomy":"product_brand","embeddable":true,"href":"https:\/\/ma-reception-42.com\/index.php?rest_route=%2Fwp%2Fv2%2Fproduct_brand&post=189"},{"taxonomy":"product_cat","embeddable":true,"href":"https:\/\/ma-reception-42.com\/index.php?rest_route=%2Fwp%2Fv2%2Fproduct_cat&post=189"},{"taxonomy":"product_tag","embeddable":true,"href":"https:\/\/ma-reception-42.com\/index.php?rest_route=%2Fwp%2Fv2%2Fproduct_tag&post=189"}],"curies":[{"name":"wp","href":"https:\/\/api.w.org\/{rel}","templated":true}]}}