{"id":194,"date":"2024-09-21T21:08:24","date_gmt":"2024-09-21T19:08:24","guid":{"rendered":"https:\/\/ma-reception-42.com\/?post_type=product&#038;p=194"},"modified":"2024-10-22T13:09:17","modified_gmt":"2024-10-22T11:09:17","slug":"poele-paella-o-70-25-parts","status":"publish","type":"product","link":"https:\/\/ma-reception-42.com\/?product=poele-paella-o-70-25-parts","title":{"rendered":"Poele paella \u00d8 70 \/ 25 parts"},"content":{"rendered":"<p>De qualit\u00e9s de fabrication et de finition irr\u00e9prochable, lou\u00e9 avec son r\u00e9chaud et son tr\u00e9pied .<\/p>\n<p>Po\u00eale en acier avec rev\u00eatement anti-adh\u00e9rent compatibles avec le Gaz et le Feu.<\/p>\n<p>Gaz en suppl\u00e9ment sur le site section chaud.<\/p>\n<p>L&#8217;id\u00e9al pour r\u00e9galer jusqu&#8217;\u00e0 25 convives<\/p>\n<p><strong>Article manquant ou d\u00e9t\u00e9rior\u00e9 en retour de location factur\u00e9 95.00\u20ac<\/strong><\/p>\n","protected":false},"excerpt":{"rendered":"<p>De qualit\u00e9s de fabrication et de finition irr\u00e9prochable, lou\u00e9 avec son r\u00e9chaud et son tr\u00e9pied . Po\u00eale en acier avec [&hellip;]<\/p>\n","protected":false},"featured_media":193,"comment_status":"open","ping_status":"closed","template":"","meta":{"site-sidebar-layout":"default","site-content-layout":"","ast-site-content-layout":"default","site-content-style":"default","site-sidebar-style":"default","ast-global-header-display":"","ast-banner-title-visibility":"","ast-main-header-display":"","ast-hfb-above-header-display":"","ast-hfb-below-header-display":"","ast-hfb-mobile-header-display":"","site-post-title":"","ast-breadcrumbs-content":"","ast-featured-img":"","footer-sml-layout":"","theme-transparent-header-meta":"default","adv-header-id-meta":"","stick-header-meta":"","header-above-stick-meta":"","header-main-stick-meta":"","header-below-stick-meta":"","astra-migrate-meta-layouts":"set","ast-page-background-enabled":"default","ast-page-background-meta":{"desktop":{"background-color":"var(--ast-global-color-4)","background-image":"","background-repeat":"repeat","background-position":"center center","background-size":"auto","background-attachment":"scroll","background-type":"","background-media":"","overlay-type":"","overlay-color":"","overlay-opacity":"","overlay-gradient":""},"tablet":{"background-color":"","background-image":"","background-repeat":"repeat","background-position":"center center","background-size":"auto","background-attachment":"scroll","background-type":"","background-media":"","overlay-type":"","overlay-color":"","overlay-opacity":"","overlay-gradient":""},"mobile":{"background-color":"","background-image":"","background-repeat":"repeat","background-position":"center center","background-size":"auto","background-attachment":"scroll","background-type":"","background-media":"","overlay-type":"","overlay-color":"","overlay-opacity":"","overlay-gradient":""}},"ast-content-background-meta":{"desktop":{"background-color":"var(--ast-global-color-5)","background-image":"","background-repeat":"repeat","background-position":"center center","background-size":"auto","background-attachment":"scroll","background-type":"","background-media":"","overlay-type":"","overlay-color":"","overlay-opacity":"","overlay-gradient":""},"tablet":{"background-color":"var(--ast-global-color-5)","background-image":"","background-repeat":"repeat","background-position":"center center","background-size":"auto","background-attachment":"scroll","background-type":"","background-media":"","overlay-type":"","overlay-color":"","overlay-opacity":"","overlay-gradient":""},"mobile":{"background-color":"var(--ast-global-color-5)","background-image":"","background-repeat":"repeat","background-position":"center center","background-size":"auto","background-attachment":"scroll","background-type":"","background-media":"","overlay-type":"","overlay-color":"","overlay-opacity":"","overlay-gradient":""}}},"product_brand":[],"product_cat":[28],"product_tag":[],"class_list":{"0":"post-194","1":"product","2":"type-product","3":"status-publish","4":"has-post-thumbnail","6":"product_cat-chaud","7":"desktop-align-left","8":"tablet-align-left","9":"mobile-align-left","11":"first","12":"instock","13":"sold-individually","14":"taxable","15":"shipping-taxable","16":"purchasable","17":"product-type-booking"},"jetpack_sharing_enabled":true,"_links":{"self":[{"href":"https:\/\/ma-reception-42.com\/index.php?rest_route=\/wp\/v2\/product\/194","targetHints":{"allow":["GET"]}}],"collection":[{"href":"https:\/\/ma-reception-42.com\/index.php?rest_route=\/wp\/v2\/product"}],"about":[{"href":"https:\/\/ma-reception-42.com\/index.php?rest_route=\/wp\/v2\/types\/product"}],"replies":[{"embeddable":true,"href":"https:\/\/ma-reception-42.com\/index.php?rest_route=%2Fwp%2Fv2%2Fcomments&post=194"}],"wp:featuredmedia":[{"embeddable":true,"href":"https:\/\/ma-reception-42.com\/index.php?rest_route=\/wp\/v2\/media\/193"}],"wp:attachment":[{"href":"https:\/\/ma-reception-42.com\/index.php?rest_route=%2Fwp%2Fv2%2Fmedia&parent=194"}],"wp:term":[{"taxonomy":"product_brand","embeddable":true,"href":"https:\/\/ma-reception-42.com\/index.php?rest_route=%2Fwp%2Fv2%2Fproduct_brand&post=194"},{"taxonomy":"product_cat","embeddable":true,"href":"https:\/\/ma-reception-42.com\/index.php?rest_route=%2Fwp%2Fv2%2Fproduct_cat&post=194"},{"taxonomy":"product_tag","embeddable":true,"href":"https:\/\/ma-reception-42.com\/index.php?rest_route=%2Fwp%2Fv2%2Fproduct_tag&post=194"}],"curies":[{"name":"wp","href":"https:\/\/api.w.org\/{rel}","templated":true}]}}