{"id":212,"date":"2024-09-21T22:39:32","date_gmt":"2024-09-21T20:39:32","guid":{"rendered":"https:\/\/ma-reception-42.com\/?post_type=product&#038;p=212"},"modified":"2025-03-23T04:48:11","modified_gmt":"2025-03-23T03:48:11","slug":"bac-isotherme-a-etages","status":"publish","type":"product","link":"https:\/\/ma-reception-42.com\/?product=bac-isotherme-a-etages","title":{"rendered":"Bac Isotherme \u00e0 \u00e9tages"},"content":{"rendered":"<p>Mat\u00e9riau LLDPE de qualit\u00e9 alimentaire, \u00e9cologique, recyclable, non toxique, r\u00e9sistant aux UV, \u00e0 la chaleur, au froid et \u00e0 la corrosion. Murs doubles remplis de mousse de polyur\u00e9thane.<\/p>\n<p>Construction monobloc sans coutures pour une durabilit\u00e9 accrue<\/p>\n<p>Perte de temp\u00e9rature des plats chauds env. 1,50 \u00b0C par heure<\/p>\n<p>Augmentation de la temp\u00e9rature des plats froids env. 1 \u00b0C par heure<\/p>\n<p><strong>Article manquant ou d\u00e9t\u00e9rior\u00e9 en retour de location factur\u00e9 400.00\u20ac<\/strong><\/p>\n<table style=\"height: 107px;\" width=\"483\">\n<tbody>\n<tr>\n<th><\/th>\n<td><\/td>\n<\/tr>\n<tr>\n<th><\/th>\n<td><\/td>\n<\/tr>\n<\/tbody>\n<\/table>\n","protected":false},"excerpt":{"rendered":"<p>Mat\u00e9riau LLDPE de qualit\u00e9 alimentaire, \u00e9cologique, recyclable, non toxique, r\u00e9sistant aux UV, \u00e0 la chaleur, au froid et \u00e0 la [&hellip;]<\/p>\n","protected":false},"featured_media":204,"comment_status":"open","ping_status":"closed","template":"","meta":{"site-sidebar-layout":"default","site-content-layout":"","ast-site-content-layout":"default","site-content-style":"default","site-sidebar-style":"default","ast-global-header-display":"","ast-banner-title-visibility":"","ast-main-header-display":"","ast-hfb-above-header-display":"","ast-hfb-below-header-display":"","ast-hfb-mobile-header-display":"","site-post-title":"","ast-breadcrumbs-content":"","ast-featured-img":"","footer-sml-layout":"","theme-transparent-header-meta":"default","adv-header-id-meta":"","stick-header-meta":"","header-above-stick-meta":"","header-main-stick-meta":"","header-below-stick-meta":"","astra-migrate-meta-layouts":"set","ast-page-background-enabled":"default","ast-page-background-meta":{"desktop":{"background-color":"var(--ast-global-color-4)","background-image":"","background-repeat":"repeat","background-position":"center center","background-size":"auto","background-attachment":"scroll","background-type":"","background-media":"","overlay-type":"","overlay-color":"","overlay-opacity":"","overlay-gradient":""},"tablet":{"background-color":"","background-image":"","background-repeat":"repeat","background-position":"center center","background-size":"auto","background-attachment":"scroll","background-type":"","background-media":"","overlay-type":"","overlay-color":"","overlay-opacity":"","overlay-gradient":""},"mobile":{"background-color":"","background-image":"","background-repeat":"repeat","background-position":"center center","background-size":"auto","background-attachment":"scroll","background-type":"","background-media":"","overlay-type":"","overlay-color":"","overlay-opacity":"","overlay-gradient":""}},"ast-content-background-meta":{"desktop":{"background-color":"var(--ast-global-color-5)","background-image":"","background-repeat":"repeat","background-position":"center center","background-size":"auto","background-attachment":"scroll","background-type":"","background-media":"","overlay-type":"","overlay-color":"","overlay-opacity":"","overlay-gradient":""},"tablet":{"background-color":"var(--ast-global-color-5)","background-image":"","background-repeat":"repeat","background-position":"center center","background-size":"auto","background-attachment":"scroll","background-type":"","background-media":"","overlay-type":"","overlay-color":"","overlay-opacity":"","overlay-gradient":""},"mobile":{"background-color":"var(--ast-global-color-5)","background-image":"","background-repeat":"repeat","background-position":"center center","background-size":"auto","background-attachment":"scroll","background-type":"","background-media":"","overlay-type":"","overlay-color":"","overlay-opacity":"","overlay-gradient":""}}},"product_brand":[],"product_cat":[28,29],"product_tag":[],"class_list":{"0":"post-212","1":"product","2":"type-product","3":"status-publish","4":"has-post-thumbnail","6":"product_cat-chaud","7":"product_cat-froid","8":"desktop-align-left","9":"tablet-align-left","10":"mobile-align-left","12":"first","13":"instock","14":"sold-individually","15":"taxable","16":"shipping-taxable","17":"purchasable","18":"product-type-booking"},"jetpack_sharing_enabled":true,"_links":{"self":[{"href":"https:\/\/ma-reception-42.com\/index.php?rest_route=\/wp\/v2\/product\/212","targetHints":{"allow":["GET"]}}],"collection":[{"href":"https:\/\/ma-reception-42.com\/index.php?rest_route=\/wp\/v2\/product"}],"about":[{"href":"https:\/\/ma-reception-42.com\/index.php?rest_route=\/wp\/v2\/types\/product"}],"replies":[{"embeddable":true,"href":"https:\/\/ma-reception-42.com\/index.php?rest_route=%2Fwp%2Fv2%2Fcomments&post=212"}],"wp:featuredmedia":[{"embeddable":true,"href":"https:\/\/ma-reception-42.com\/index.php?rest_route=\/wp\/v2\/media\/204"}],"wp:attachment":[{"href":"https:\/\/ma-reception-42.com\/index.php?rest_route=%2Fwp%2Fv2%2Fmedia&parent=212"}],"wp:term":[{"taxonomy":"product_brand","embeddable":true,"href":"https:\/\/ma-reception-42.com\/index.php?rest_route=%2Fwp%2Fv2%2Fproduct_brand&post=212"},{"taxonomy":"product_cat","embeddable":true,"href":"https:\/\/ma-reception-42.com\/index.php?rest_route=%2Fwp%2Fv2%2Fproduct_cat&post=212"},{"taxonomy":"product_tag","embeddable":true,"href":"https:\/\/ma-reception-42.com\/index.php?rest_route=%2Fwp%2Fv2%2Fproduct_tag&post=212"}],"curies":[{"name":"wp","href":"https:\/\/api.w.org\/{rel}","templated":true}]}}