{"id":572,"date":"2024-10-21T18:01:14","date_gmt":"2024-10-21T16:01:14","guid":{"rendered":"https:\/\/ma-reception-42.com\/?post_type=product&#038;p=572"},"modified":"2024-10-21T18:01:14","modified_gmt":"2024-10-21T16:01:14","slug":"corbeille-a-pain-en-osier","status":"publish","type":"product","link":"https:\/\/ma-reception-42.com\/?product=corbeille-a-pain-en-osier","title":{"rendered":"Corbeille \u00e0 pain en Osier"},"content":{"rendered":"<section class=\"Jgs2b9\">\n<div class=\"WAZqE7 QfrfFD cell\">\n<section class=\"Va_ZoC\" data-hook=\"description-wrapper\">\n<div class=\"LvOu6J\">\n<div class=\"vaI0UH\" data-hook=\"content-wrapper\">\n<p><em><strong>Article manquant ou d\u00e9t\u00e9rior\u00e9 en retour de location factur\u00e9 6.00\u20ac<\/strong><\/em><\/p>\n<\/div>\n<\/div>\n<\/section>\n<\/div>\n<div class=\"QfrfFD cell\">\n<div id=\"TPAMultiSection_lfjzkw43.product-page-details-4\" class=\"\" data-hook=\"slot-placeholder-TPAMultiSection_lfjzkw43.product-page-details-4\"><\/div>\n<\/div>\n<\/section>\n<section class=\"Jgs2b9\">\n<div class=\"QfrfFD cell\">\n<h1 class=\"OXQzmM\" data-hook=\"product-title\"><\/h1>\n<\/div>\n<div class=\"QfrfFD cell\">\n<div id=\"TPAMultiSection_lfjzkw43.product-page-details-1\" class=\"\" data-hook=\"slot-placeholder-TPAMultiSection_lfjzkw43.product-page-details-1\"><\/div>\n<\/div>\n<\/section>\n<div class=\"QfrfFD cell\">\n<div class=\"QfrfFD cell\">\n<div id=\"TPAMultiSection_lfjzkw43.product-page-additional-buttons\" class=\"\" data-hook=\"slot-placeholder-TPAMultiSection_lfjzkw43.product-page-additional-buttons\"><\/div>\n<\/div>\n<\/div>\n<div class=\"QfrfFD cell\">\n<div id=\"TPAMultiSection_lfjzkw43.product-page-details-8\" class=\"\" data-hook=\"slot-placeholder-TPAMultiSection_lfjzkw43.product-page-details-8\"><\/div>\n<\/div>\n<div class=\"jqw1mt QfrfFD cell\">\n<div dir=\"ltr\"><\/div>\n<\/div>\n<div class=\"QfrfFD cell\">\n<div id=\"TPAMultiSection_lfjzkw43.product-page-details-9\" class=\"\" data-hook=\"slot-placeholder-TPAMultiSection_lfjzkw43.product-page-details-9\"><\/div>\n<\/div>\n<div class=\"Uj2GSq QfrfFD cell\">\n<div class=\"QbMzVk\" data-hook=\"social-sharing\"><\/div>\n<\/div>\n","protected":false},"excerpt":{"rendered":"<p>Article manquant ou d\u00e9t\u00e9rior\u00e9 en retour de location factur\u00e9 6.00\u20ac<\/p>\n","protected":false},"featured_media":573,"comment_status":"open","ping_status":"closed","template":"","meta":{"site-sidebar-layout":"default","site-content-layout":"","ast-site-content-layout":"default","site-content-style":"default","site-sidebar-style":"default","ast-global-header-display":"","ast-banner-title-visibility":"","ast-main-header-display":"","ast-hfb-above-header-display":"","ast-hfb-below-header-display":"","ast-hfb-mobile-header-display":"","site-post-title":"","ast-breadcrumbs-content":"","ast-featured-img":"","footer-sml-layout":"","theme-transparent-header-meta":"default","adv-header-id-meta":"","stick-header-meta":"","header-above-stick-meta":"","header-main-stick-meta":"","header-below-stick-meta":"","astra-migrate-meta-layouts":"set","ast-page-background-enabled":"default","ast-page-background-meta":{"desktop":{"background-color":"var(--ast-global-color-4)","background-image":"","background-repeat":"repeat","background-position":"center center","background-size":"auto","background-attachment":"scroll","background-type":"","background-media":"","overlay-type":"","overlay-color":"","overlay-opacity":"","overlay-gradient":""},"tablet":{"background-color":"","background-image":"","background-repeat":"repeat","background-position":"center center","background-size":"auto","background-attachment":"scroll","background-type":"","background-media":"","overlay-type":"","overlay-color":"","overlay-opacity":"","overlay-gradient":""},"mobile":{"background-color":"","background-image":"","background-repeat":"repeat","background-position":"center center","background-size":"auto","background-attachment":"scroll","background-type":"","background-media":"","overlay-type":"","overlay-color":"","overlay-opacity":"","overlay-gradient":""}},"ast-content-background-meta":{"desktop":{"background-color":"var(--ast-global-color-5)","background-image":"","background-repeat":"repeat","background-position":"center center","background-size":"auto","background-attachment":"scroll","background-type":"","background-media":"","overlay-type":"","overlay-color":"","overlay-opacity":"","overlay-gradient":""},"tablet":{"background-color":"var(--ast-global-color-5)","background-image":"","background-repeat":"repeat","background-position":"center center","background-size":"auto","background-attachment":"scroll","background-type":"","background-media":"","overlay-type":"","overlay-color":"","overlay-opacity":"","overlay-gradient":""},"mobile":{"background-color":"var(--ast-global-color-5)","background-image":"","background-repeat":"repeat","background-position":"center center","background-size":"auto","background-attachment":"scroll","background-type":"","background-media":"","overlay-type":"","overlay-color":"","overlay-opacity":"","overlay-gradient":""}}},"product_brand":[],"product_cat":[26],"product_tag":[],"class_list":{"0":"post-572","1":"product","2":"type-product","3":"status-publish","4":"has-post-thumbnail","6":"product_cat-services","7":"desktop-align-left","8":"tablet-align-left","9":"mobile-align-left","11":"first","12":"instock","13":"sold-individually","14":"taxable","15":"shipping-taxable","16":"purchasable","17":"product-type-booking"},"jetpack_sharing_enabled":true,"_links":{"self":[{"href":"https:\/\/ma-reception-42.com\/index.php?rest_route=\/wp\/v2\/product\/572","targetHints":{"allow":["GET"]}}],"collection":[{"href":"https:\/\/ma-reception-42.com\/index.php?rest_route=\/wp\/v2\/product"}],"about":[{"href":"https:\/\/ma-reception-42.com\/index.php?rest_route=\/wp\/v2\/types\/product"}],"replies":[{"embeddable":true,"href":"https:\/\/ma-reception-42.com\/index.php?rest_route=%2Fwp%2Fv2%2Fcomments&post=572"}],"wp:featuredmedia":[{"embeddable":true,"href":"https:\/\/ma-reception-42.com\/index.php?rest_route=\/wp\/v2\/media\/573"}],"wp:attachment":[{"href":"https:\/\/ma-reception-42.com\/index.php?rest_route=%2Fwp%2Fv2%2Fmedia&parent=572"}],"wp:term":[{"taxonomy":"product_brand","embeddable":true,"href":"https:\/\/ma-reception-42.com\/index.php?rest_route=%2Fwp%2Fv2%2Fproduct_brand&post=572"},{"taxonomy":"product_cat","embeddable":true,"href":"https:\/\/ma-reception-42.com\/index.php?rest_route=%2Fwp%2Fv2%2Fproduct_cat&post=572"},{"taxonomy":"product_tag","embeddable":true,"href":"https:\/\/ma-reception-42.com\/index.php?rest_route=%2Fwp%2Fv2%2Fproduct_tag&post=572"}],"curies":[{"name":"wp","href":"https:\/\/api.w.org\/{rel}","templated":true}]}}